{"id":32,"date":"2022-12-02T11:28:16","date_gmt":"2022-12-02T10:28:16","guid":{"rendered":"http:\/\/sitpchempolice.pl\/?page_id=32"},"modified":"2025-01-27T18:42:45","modified_gmt":"2025-01-27T17:42:45","slug":"dokumenty","status":"publish","type":"page","link":"http:\/\/sitpchempolice.pl\/?page_id=32","title":{"rendered":"Dokumenty"},"content":{"rendered":"\t\t<div data-elementor-type=\"wp-page\" data-elementor-id=\"32\" class=\"elementor elementor-32\">\n\t\t\t\t\t\t<section class=\"elementor-section elementor-top-section elementor-element elementor-element-3f62bb16 elementor-section-boxed elementor-section-height-default elementor-section-height-default\" data-id=\"3f62bb16\" data-element_type=\"section\">\n\t\t\t\t\t\t<div class=\"elementor-container elementor-column-gap-default\">\n\t\t\t\t\t<div class=\"elementor-column elementor-col-100 elementor-top-column elementor-element elementor-element-341bb1c4\" data-id=\"341bb1c4\" data-element_type=\"column\">\n\t\t\t<div class=\"elementor-widget-wrap elementor-element-populated\">\n\t\t\t\t\t\t<div class=\"elementor-element elementor-element-66b31b85 elementor-widget elementor-widget-text-editor\" data-id=\"66b31b85\" data-element_type=\"widget\" data-widget_type=\"text-editor.default\">\n\t\t\t\t<div class=\"elementor-widget-container\">\n\t\t\t\t\t\t\t\t\t<h2 style=\"letter-spacing: normal;\">Deklaracja cz\u0142onkowska<\/h2>\n<pre style=\"letter-spacing: normal;\"><a style=\"font-family: var(--heading--font-family); font-size: var(--heading--font-size-h2); font-weight: var(--heading--font-weight);\" href=\"http:\/\/sitpchempolice.pl\/wp-content\/uploads\/2025\/01\/deklaracja_czonkowska-SITPChem.doc\">Pobierz deklaracj\u0119<\/a><\/pre>\n<div>&nbsp;<\/div>\n<h2>Komisja kwalifikacyjna &#8211; wnioski o sprawdzenie kwalifikacji<\/h2>\n<p><!-- \/wp:heading --><!-- wp:list --><\/p>\n<ul>\n<li style=\"list-style-type: none;\">\n<ul><!-- wp:list-item --><\/ul>\n<\/li>\n<\/ul>\n<ul>\n<li style=\"list-style-type: none;\">\n<ul>\n<li>Wniosek &#8211; Doz\u00f3r &#8211; gr. 1<\/li>\n<\/ul>\n<\/li>\n<\/ul>\n<p><!-- \/wp:list-item --><\/p>\n<p><!-- \/wp:list --><!-- wp:columns --><\/p>\n<div>\n<p><!-- wp:column --><\/p>\n<div>\n<p><!-- wp:file {\"id\":50,\"href\":\"http:\/\/sitpchempolice.pl\/wp-content\/uploads\/2022\/12\/Wniosek-D1.pdf\",\"showDownloadButton\":false,\"displayPreview\":false} --><\/p>\n<div><a href=\"http:\/\/sitpchempolice.pl\/wp-content\/uploads\/2022\/12\/Wniosek-D1.pdf\">Plik PDF<\/a><\/div>\n<p><!-- \/wp:file --><\/p>\n<\/div>\n<p><!-- \/wp:column --><!-- wp:column --><\/p>\n<div>\n<p><!-- wp:file {\"id\":57,\"href\":\"http:\/\/sitpchempolice.pl\/wp-content\/uploads\/2022\/12\/Wniosek_D_Grupa-1.doc\",\"showDownloadButton\":false} --><\/p>\n<div><a href=\"http:\/\/sitpchempolice.pl\/wp-content\/uploads\/2022\/12\/Wniosek_D_Grupa-1.doc\">Plik DOC<\/a><\/div>\n<p><!-- \/wp:file --><\/p>\n<\/div>\n<p><!-- \/wp:column --><\/p>\n<\/div>\n<p><!-- \/wp:columns --><!-- wp:list --><\/p>\n<ul>\n<li style=\"list-style-type: none;\">\n<ul><!-- wp:list-item --><\/ul>\n<\/li>\n<\/ul>\n<ul>\n<li style=\"list-style-type: none;\">\n<ul>\n<li>Wniosek &#8211; Doz\u00f3r &#8211; gr. 2<\/li>\n<\/ul>\n<\/li>\n<\/ul>\n<p><!-- \/wp:list-item --><\/p>\n<p><!-- \/wp:list --><!-- wp:columns --><\/p>\n<div>\n<p><!-- wp:column --><\/p>\n<div>\n<p><!-- wp:file {\"id\":63,\"href\":\"http:\/\/sitpchempolice.pl\/wp-content\/uploads\/2022\/12\/Wniosek-D2.pdf\",\"showDownloadButton\":false,\"displayPreview\":false} --><\/p>\n<div><a href=\"http:\/\/sitpchempolice.pl\/wp-content\/uploads\/2022\/12\/Wniosek-D2.pdf\">Plik PDF<\/a><\/div>\n<p><!-- \/wp:file --><\/p>\n<\/div>\n<p><!-- \/wp:column --><!-- wp:column --><\/p>\n<div>\n<p><!-- wp:file {\"id\":58,\"href\":\"http:\/\/sitpchempolice.pl\/wp-content\/uploads\/2022\/12\/Wniosek_D_Grupa-2.doc\",\"showDownloadButton\":false} --><\/p>\n<div><a href=\"http:\/\/sitpchempolice.pl\/wp-content\/uploads\/2022\/12\/Wniosek_D_Grupa-2.doc\">Plik DOC<\/a><\/div>\n<p><!-- \/wp:file --><\/p>\n<\/div>\n<p><!-- \/wp:column --><\/p>\n<\/div>\n<p><!-- \/wp:columns --><!-- wp:group {\"layout\":{\"type\":\"constrained\"}} --><\/p>\n<div>\n<p><!-- wp:list --><\/p>\n<ul>\n<li style=\"list-style-type: none;\">\n<ul><!-- wp:list-item --><\/ul>\n<\/li>\n<\/ul>\n<ul>\n<li style=\"list-style-type: none;\">\n<ul>\n<li>Wniosek &#8211; Doz\u00f3r &#8211; gr. 3<\/li>\n<\/ul>\n<\/li>\n<\/ul>\n<p><!-- \/wp:list-item --><\/p>\n<p><!-- \/wp:list --><!-- wp:columns --><\/p>\n<div>\n<p><!-- wp:column --><\/p>\n<div>\n<p><!-- wp:file {\"id\":64,\"href\":\"http:\/\/sitpchempolice.pl\/wp-content\/uploads\/2022\/12\/Wniosek-D3.pdf\",\"showDownloadButton\":false,\"displayPreview\":false} --><\/p>\n<div><a href=\"http:\/\/sitpchempolice.pl\/wp-content\/uploads\/2022\/12\/Wniosek-D3.pdf\">Plik PDF<\/a><\/div>\n<p><!-- \/wp:file --><\/p>\n<\/div>\n<p><!-- \/wp:column --><!-- wp:column --><\/p>\n<div>\n<p><!-- wp:file {\"id\":59,\"href\":\"http:\/\/sitpchempolice.pl\/wp-content\/uploads\/2022\/12\/Wniosek_D_Grupa-3.doc\",\"showDownloadButton\":false} --><\/p>\n<div><a href=\"http:\/\/sitpchempolice.pl\/wp-content\/uploads\/2022\/12\/Wniosek_D_Grupa-3.doc\">Plik DOC<\/a><\/div>\n<p><!-- \/wp:file --><\/p>\n<\/div>\n<p><!-- \/wp:column --><\/p>\n<\/div>\n<p><!-- \/wp:columns --><!-- wp:list --><\/p>\n<ul>\n<li style=\"list-style-type: none;\">\n<ul><!-- wp:list-item --><\/ul>\n<\/li>\n<\/ul>\n<ul>\n<li style=\"list-style-type: none;\">\n<ul>\n<li>Wniosek &#8211; Eksploatacja &#8211; gr. 1<\/li>\n<\/ul>\n<\/li>\n<\/ul>\n<p><!-- \/wp:list-item --><\/p>\n<p><!-- \/wp:list --><!-- wp:columns --><\/p>\n<div>\n<p><!-- wp:column --><\/p>\n<div>\n<p><!-- wp:file {\"id\":65,\"href\":\"http:\/\/sitpchempolice.pl\/wp-content\/uploads\/2022\/12\/Wniosek-E1.pdf\",\"showDownloadButton\":false,\"displayPreview\":false} --><\/p>\n<div><a href=\"http:\/\/sitpchempolice.pl\/wp-content\/uploads\/2022\/12\/Wniosek-E1.pdf\">Plik PDF<\/a><\/div>\n<p><!-- \/wp:file --><\/p>\n<\/div>\n<p><!-- \/wp:column --><!-- wp:column --><\/p>\n<div>\n<p><!-- wp:file {\"id\":60,\"href\":\"http:\/\/sitpchempolice.pl\/wp-content\/uploads\/2022\/12\/Wniosek_E_Grupa-1.doc\",\"showDownloadButton\":false} --><\/p>\n<div><a href=\"http:\/\/sitpchempolice.pl\/wp-content\/uploads\/2022\/12\/Wniosek_E_Grupa-1.doc\">Plik DOC<\/a><\/div>\n<p><!-- \/wp:file --><\/p>\n<\/div>\n<p><!-- \/wp:column --><\/p>\n<\/div>\n<p><!-- \/wp:columns --><!-- wp:list --><\/p>\n<ul>\n<li style=\"list-style-type: none;\">\n<ul><!-- wp:list-item --><\/ul>\n<\/li>\n<\/ul>\n<ul>\n<li style=\"list-style-type: none;\">\n<ul>\n<li>Wniosek &#8211; Eksploatacja &#8211; gr. 2<\/li>\n<\/ul>\n<\/li>\n<\/ul>\n<p><!-- \/wp:list-item --><\/p>\n<p><!-- \/wp:list --><!-- wp:columns --><\/p>\n<div>\n<p><!-- wp:column --><\/p>\n<div>\n<p><!-- wp:file {\"id\":66,\"href\":\"http:\/\/sitpchempolice.pl\/wp-content\/uploads\/2022\/12\/Wniosek-E2.pdf\",\"showDownloadButton\":false,\"displayPreview\":false} --><\/p>\n<div><a href=\"http:\/\/sitpchempolice.pl\/wp-content\/uploads\/2022\/12\/Wniosek-E2.pdf\">Plik PDF<\/a><\/div>\n<p><!-- \/wp:file --><\/p>\n<\/div>\n<p><!-- \/wp:column --><!-- wp:column --><\/p>\n<div>\n<p><!-- wp:file {\"id\":61,\"href\":\"http:\/\/sitpchempolice.pl\/wp-content\/uploads\/2022\/12\/Wniosek_E_Grupa-2.doc\",\"showDownloadButton\":false} --><\/p>\n<div><a href=\"http:\/\/sitpchempolice.pl\/wp-content\/uploads\/2022\/12\/Wniosek_E_Grupa-2.doc\">Plik DOC<\/a><\/div>\n<p><!-- \/wp:file --><\/p>\n<\/div>\n<p><!-- \/wp:column --><\/p>\n<\/div>\n<p><!-- \/wp:columns --><!-- wp:list --><\/p>\n<ul>\n<li style=\"list-style-type: none;\">\n<ul><!-- wp:list-item --><\/ul>\n<\/li>\n<\/ul>\n<ul>\n<li style=\"list-style-type: none;\">\n<ul>\n<li>Wniosek &#8211; Eksploatacja &#8211; gr. 3<\/li>\n<\/ul>\n<\/li>\n<\/ul>\n<p><!-- \/wp:list-item --><\/p>\n<p><!-- \/wp:list --><!-- wp:columns --><\/p>\n<div>\n<p><!-- wp:column --><\/p>\n<div>\n<p><!-- wp:file {\"id\":67,\"href\":\"http:\/\/sitpchempolice.pl\/wp-content\/uploads\/2022\/12\/Wniosek-E3.pdf\",\"showDownloadButton\":false,\"displayPreview\":false} --><\/p>\n<div><a href=\"http:\/\/sitpchempolice.pl\/wp-content\/uploads\/2022\/12\/Wniosek-E3.pdf\">Plik PDF<\/a><\/div>\n<p><!-- \/wp:file --><\/p>\n<\/div>\n<p><!-- \/wp:column --><!-- wp:column --><\/p>\n<div>\n<p><!-- wp:file {\"id\":68,\"href\":\"http:\/\/sitpchempolice.pl\/wp-content\/uploads\/2022\/12\/Wniosek_E_Grupa-3.doc\",\"showDownloadButton\":false} --><\/p>\n<div><a href=\"http:\/\/sitpchempolice.pl\/wp-content\/uploads\/2022\/12\/Wniosek_E_Grupa-3.doc\">Plik DOC<\/a>&nbsp;<\/div>\n<p><!-- \/wp:file --><\/p>\n<\/div>\n<p><!-- \/wp:column --><\/p>\n<\/div>\n<p><!-- \/wp:columns --><\/p>\n<\/div>\n<p><!-- \/wp:group --><\/p>\t\t\t\t\t\t\t\t<\/div>\n\t\t\t\t<\/div>\n\t\t\t\t\t<\/div>\n\t\t<\/div>\n\t\t\t\t\t<\/div>\n\t\t<\/section>\n\t\t\t\t<\/div>\n\t\t","protected":false},"excerpt":{"rendered":"<p>Deklaracja cz\u0142onkowska Pobierz deklaracj\u0119 &nbsp; Komisja kwalifikacyjna &#8211; wnioski o sprawdzenie kwalifikacji Wniosek &#8211; Doz\u00f3r &#8211; gr. 1 Plik PDF Plik DOC Wniosek &#8211; Doz\u00f3r &#8211; gr. 2 Plik PDF Plik DOC Wniosek &#8211; Doz\u00f3r &#8211; gr. 3 Plik PDF Plik DOC Wniosek &#8211; Eksploatacja &#8211; gr. 1 Plik PDF Plik DOC Wniosek &#8211; Eksploatacja&hellip; <a class=\"more-link\" href=\"http:\/\/sitpchempolice.pl\/?page_id=32\">Czytaj dalej <span class=\"screen-reader-text\">Dokumenty<\/span><\/a><\/p>\n","protected":false},"author":1,"featured_media":0,"parent":0,"menu_order":0,"comment_status":"closed","ping_status":"closed","template":"","meta":{"footnotes":""},"class_list":["post-32","page","type-page","status-publish","hentry","entry"],"yoast_head":"<!-- This site is optimized with the Yoast SEO plugin v24.3 - https:\/\/yoast.com\/wordpress\/plugins\/seo\/ -->\n<title>Dokumenty - Sitpchem Oddzia\u0142 Police<\/title>\n<meta name=\"robots\" content=\"index, follow, max-snippet:-1, max-image-preview:large, max-video-preview:-1\" \/>\n<link rel=\"canonical\" href=\"http:\/\/sitpchempolice.pl\/?page_id=32\" \/>\n<meta property=\"og:locale\" content=\"pl_PL\" \/>\n<meta property=\"og:type\" content=\"article\" \/>\n<meta property=\"og:title\" content=\"Dokumenty - Sitpchem Oddzia\u0142 Police\" \/>\n<meta property=\"og:description\" content=\"Deklaracja cz\u0142onkowska Pobierz deklaracj\u0119 &nbsp; Komisja kwalifikacyjna &#8211; wnioski o sprawdzenie kwalifikacji Wniosek &#8211; Doz\u00f3r &#8211; gr. 1 Plik PDF Plik DOC Wniosek &#8211; Doz\u00f3r &#8211; gr. 2 Plik PDF Plik DOC Wniosek &#8211; Doz\u00f3r &#8211; gr. 3 Plik PDF Plik DOC Wniosek &#8211; Eksploatacja &#8211; gr. 1 Plik PDF Plik DOC Wniosek &#8211; Eksploatacja&hellip; Czytaj dalej Dokumenty\" \/>\n<meta property=\"og:url\" content=\"http:\/\/sitpchempolice.pl\/?page_id=32\" \/>\n<meta property=\"og:site_name\" content=\"Sitpchem Oddzia\u0142 Police\" \/>\n<meta property=\"article:modified_time\" content=\"2025-01-27T17:42:45+00:00\" \/>\n<meta name=\"twitter:card\" content=\"summary_large_image\" \/>\n<meta name=\"twitter:label1\" content=\"Szacowany czas czytania\" \/>\n\t<meta name=\"twitter:data1\" content=\"1 minuta\" \/>\n<script type=\"application\/ld+json\" class=\"yoast-schema-graph\">{\"@context\":\"https:\/\/schema.org\",\"@graph\":[{\"@type\":\"WebPage\",\"@id\":\"http:\/\/sitpchempolice.pl\/?page_id=32\",\"url\":\"http:\/\/sitpchempolice.pl\/?page_id=32\",\"name\":\"Dokumenty - Sitpchem Oddzia\u0142 Police\",\"isPartOf\":{\"@id\":\"http:\/\/sitpchempolice.pl\/#website\"},\"datePublished\":\"2022-12-02T10:28:16+00:00\",\"dateModified\":\"2025-01-27T17:42:45+00:00\",\"breadcrumb\":{\"@id\":\"http:\/\/sitpchempolice.pl\/?page_id=32#breadcrumb\"},\"inLanguage\":\"pl-PL\",\"potentialAction\":[{\"@type\":\"ReadAction\",\"target\":[\"http:\/\/sitpchempolice.pl\/?page_id=32\"]}]},{\"@type\":\"BreadcrumbList\",\"@id\":\"http:\/\/sitpchempolice.pl\/?page_id=32#breadcrumb\",\"itemListElement\":[{\"@type\":\"ListItem\",\"position\":1,\"name\":\"Home\",\"item\":\"http:\/\/sitpchempolice.pl\/\"},{\"@type\":\"ListItem\",\"position\":2,\"name\":\"Dokumenty\"}]},{\"@type\":\"WebSite\",\"@id\":\"http:\/\/sitpchempolice.pl\/#website\",\"url\":\"http:\/\/sitpchempolice.pl\/\",\"name\":\"Sitpchem Oddzia\u0142 Police\",\"description\":\"Reprezentujemy Technik\u0119\",\"publisher\":{\"@id\":\"http:\/\/sitpchempolice.pl\/#organization\"},\"potentialAction\":[{\"@type\":\"SearchAction\",\"target\":{\"@type\":\"EntryPoint\",\"urlTemplate\":\"http:\/\/sitpchempolice.pl\/?s={search_term_string}\"},\"query-input\":{\"@type\":\"PropertyValueSpecification\",\"valueRequired\":true,\"valueName\":\"search_term_string\"}}],\"inLanguage\":\"pl-PL\"},{\"@type\":\"Organization\",\"@id\":\"http:\/\/sitpchempolice.pl\/#organization\",\"name\":\"Sitpchem Oddzia\u0142 Police\",\"url\":\"http:\/\/sitpchempolice.pl\/\",\"logo\":{\"@type\":\"ImageObject\",\"inLanguage\":\"pl-PL\",\"@id\":\"http:\/\/sitpchempolice.pl\/#\/schema\/logo\/image\/\",\"url\":\"http:\/\/sitpchempolice.pl\/wp-content\/uploads\/2022\/12\/cropped-Logo-przezroczyste-1-1.png\",\"contentUrl\":\"http:\/\/sitpchempolice.pl\/wp-content\/uploads\/2022\/12\/cropped-Logo-przezroczyste-1-1.png\",\"width\":1794,\"height\":1909,\"caption\":\"Sitpchem Oddzia\u0142 Police\"},\"image\":{\"@id\":\"http:\/\/sitpchempolice.pl\/#\/schema\/logo\/image\/\"}}]}<\/script>\n<!-- \/ Yoast SEO plugin. -->","yoast_head_json":{"title":"Dokumenty - Sitpchem Oddzia\u0142 Police","robots":{"index":"index","follow":"follow","max-snippet":"max-snippet:-1","max-image-preview":"max-image-preview:large","max-video-preview":"max-video-preview:-1"},"canonical":"http:\/\/sitpchempolice.pl\/?page_id=32","og_locale":"pl_PL","og_type":"article","og_title":"Dokumenty - Sitpchem Oddzia\u0142 Police","og_description":"Deklaracja cz\u0142onkowska Pobierz deklaracj\u0119 &nbsp; Komisja kwalifikacyjna &#8211; wnioski o sprawdzenie kwalifikacji Wniosek &#8211; Doz\u00f3r &#8211; gr. 1 Plik PDF Plik DOC Wniosek &#8211; Doz\u00f3r &#8211; gr. 2 Plik PDF Plik DOC Wniosek &#8211; Doz\u00f3r &#8211; gr. 3 Plik PDF Plik DOC Wniosek &#8211; Eksploatacja &#8211; gr. 1 Plik PDF Plik DOC Wniosek &#8211; Eksploatacja&hellip; Czytaj dalej Dokumenty","og_url":"http:\/\/sitpchempolice.pl\/?page_id=32","og_site_name":"Sitpchem Oddzia\u0142 Police","article_modified_time":"2025-01-27T17:42:45+00:00","twitter_card":"summary_large_image","twitter_misc":{"Szacowany czas czytania":"1 minuta"},"schema":{"@context":"https:\/\/schema.org","@graph":[{"@type":"WebPage","@id":"http:\/\/sitpchempolice.pl\/?page_id=32","url":"http:\/\/sitpchempolice.pl\/?page_id=32","name":"Dokumenty - Sitpchem Oddzia\u0142 Police","isPartOf":{"@id":"http:\/\/sitpchempolice.pl\/#website"},"datePublished":"2022-12-02T10:28:16+00:00","dateModified":"2025-01-27T17:42:45+00:00","breadcrumb":{"@id":"http:\/\/sitpchempolice.pl\/?page_id=32#breadcrumb"},"inLanguage":"pl-PL","potentialAction":[{"@type":"ReadAction","target":["http:\/\/sitpchempolice.pl\/?page_id=32"]}]},{"@type":"BreadcrumbList","@id":"http:\/\/sitpchempolice.pl\/?page_id=32#breadcrumb","itemListElement":[{"@type":"ListItem","position":1,"name":"Home","item":"http:\/\/sitpchempolice.pl\/"},{"@type":"ListItem","position":2,"name":"Dokumenty"}]},{"@type":"WebSite","@id":"http:\/\/sitpchempolice.pl\/#website","url":"http:\/\/sitpchempolice.pl\/","name":"Sitpchem Oddzia\u0142 Police","description":"Reprezentujemy Technik\u0119","publisher":{"@id":"http:\/\/sitpchempolice.pl\/#organization"},"potentialAction":[{"@type":"SearchAction","target":{"@type":"EntryPoint","urlTemplate":"http:\/\/sitpchempolice.pl\/?s={search_term_string}"},"query-input":{"@type":"PropertyValueSpecification","valueRequired":true,"valueName":"search_term_string"}}],"inLanguage":"pl-PL"},{"@type":"Organization","@id":"http:\/\/sitpchempolice.pl\/#organization","name":"Sitpchem Oddzia\u0142 Police","url":"http:\/\/sitpchempolice.pl\/","logo":{"@type":"ImageObject","inLanguage":"pl-PL","@id":"http:\/\/sitpchempolice.pl\/#\/schema\/logo\/image\/","url":"http:\/\/sitpchempolice.pl\/wp-content\/uploads\/2022\/12\/cropped-Logo-przezroczyste-1-1.png","contentUrl":"http:\/\/sitpchempolice.pl\/wp-content\/uploads\/2022\/12\/cropped-Logo-przezroczyste-1-1.png","width":1794,"height":1909,"caption":"Sitpchem Oddzia\u0142 Police"},"image":{"@id":"http:\/\/sitpchempolice.pl\/#\/schema\/logo\/image\/"}}]}},"_links":{"self":[{"href":"http:\/\/sitpchempolice.pl\/index.php?rest_route=\/wp\/v2\/pages\/32","targetHints":{"allow":["GET"]}}],"collection":[{"href":"http:\/\/sitpchempolice.pl\/index.php?rest_route=\/wp\/v2\/pages"}],"about":[{"href":"http:\/\/sitpchempolice.pl\/index.php?rest_route=\/wp\/v2\/types\/page"}],"author":[{"embeddable":true,"href":"http:\/\/sitpchempolice.pl\/index.php?rest_route=\/wp\/v2\/users\/1"}],"replies":[{"embeddable":true,"href":"http:\/\/sitpchempolice.pl\/index.php?rest_route=%2Fwp%2Fv2%2Fcomments&post=32"}],"version-history":[{"count":22,"href":"http:\/\/sitpchempolice.pl\/index.php?rest_route=\/wp\/v2\/pages\/32\/revisions"}],"predecessor-version":[{"id":98,"href":"http:\/\/sitpchempolice.pl\/index.php?rest_route=\/wp\/v2\/pages\/32\/revisions\/98"}],"wp:attachment":[{"href":"http:\/\/sitpchempolice.pl\/index.php?rest_route=%2Fwp%2Fv2%2Fmedia&parent=32"}],"curies":[{"name":"wp","href":"https:\/\/api.w.org\/{rel}","templated":true}]}}